{"id":45510,"date":"2023-10-31T15:03:08","date_gmt":"2023-10-31T14:03:08","guid":{"rendered":"https:\/\/staging.feptubeshop.com\/over-ons\/"},"modified":"2024-06-24T21:59:34","modified_gmt":"2024-06-24T19:59:34","slug":"uber-uns","status":"publish","type":"page","link":"https:\/\/staging.feptubeshop.com\/de\/uber-uns\/","title":{"rendered":"\u00c3\u0153ber uns"},"content":{"rendered":"\t\t<div data-elementor-type=\"wp-page\" data-elementor-id=\"45510\" class=\"elementor elementor-45510 elementor-35961\" data-elementor-post-type=\"page\">\n\t\t\t\t<div class=\"elementor-element elementor-element-3c847250 e-con-full e-flex e-con e-parent\" data-id=\"3c847250\" data-element_type=\"container\" data-e-type=\"container\">\n\t\t\t\t<div class=\"elementor-element elementor-element-234a7da4 elementor-widget elementor-widget-text-editor\" data-id=\"234a7da4\" data-element_type=\"widget\" data-e-type=\"widget\" data-widget_type=\"text-editor.default\">\n\t\t\t\t<div class=\"elementor-widget-container\">\n\t\t\t\t\t\t\t\t\t<h1 style=\"text-align: center;\">Spezialist f\u00fcr PFA-Rohre und -Schl\u00e4uche<\/h1>\n<\/p>\n<p>PFA Tube Shop ist eine solide Erweiterung von <span style=\"text-decoration: underline;\"><a href=\"https:\/\/ptfetubeshop.com\/\" rel=\"noopener\">PTF<img fetchpriority=\"high\" decoding=\"async\" class=\" wp-image-28753 alignright\" src=\"https:\/\/staging.feptubeshop.com\/wp-content\/uploads\/2022\/09\/Jeroen_productspecialist_PTFE-Tube-Shop-6.jpg\" alt=\"\" width=\"517\" height=\"919\" srcset=\"https:\/\/staging.feptubeshop.com\/wp-content\/uploads\/2022\/09\/Jeroen_productspecialist_PTFE-Tube-Shop-6.jpg 1152w, https:\/\/staging.feptubeshop.com\/wp-content\/uploads\/2022\/09\/Jeroen_productspecialist_PTFE-Tube-Shop-6-600x1067.jpg 600w, https:\/\/staging.feptubeshop.com\/wp-content\/uploads\/2022\/09\/Jeroen_productspecialist_PTFE-Tube-Shop-6-169x300.jpg 169w, https:\/\/staging.feptubeshop.com\/wp-content\/uploads\/2022\/09\/Jeroen_productspecialist_PTFE-Tube-Shop-6-576x1024.jpg 576w\" sizes=\"(max-width: 517px) 100vw, 517px\" \/>E Tube Shop<\/a><\/span> und bildet einen spezialisierten Zweig innerhalb unseres Unternehmens, der sich vollst\u00e4ndig auf die Lieferung von hochwertigen PFA-Rohren und -Schl\u00e4uchen konzentriert. Als ein engagierter Teil unseres Unternehmens haben wir es uns zum Ziel gesetzt, die Bed\u00fcrfnisse unserer Kunden im Bereich PFA-Materialien mit h\u00f6chster Pr\u00e4zision und Geschwindigkeit zu erf\u00fcllen.<\/p>\n<h3>PFA-Schlauch aus Lagerbestand geliefert:<\/h3>\n<p>Wir halten einen gro\u00dfen Vorrat an sowohl Standard- als auch High-Purity-PFA-Schl\u00e4uchen. Verf\u00fcgbar in Zoll- und metrischen Gr\u00f6\u00dfen:<\/p>\n<\/p>\n<ul>\n<li><span style=\"text-decoration: underline;\"><a href=\"https:\/\/staging.feptubeshop.com\/type\/standard-pfa\/?_sizing=mm\">Standard PFA-Schlauch metrisch<\/a><\/span><\/li>\n<li><span style=\"text-decoration: underline;\"><a href=\"https:\/\/staging.feptubeshop.com\/type\/standard-pfa\/?_sizing=mm\">Standard PFA-Schlauch in Zoll<\/a><\/span><\/li>\n<li><span style=\"text-decoration: underline;\"><a href=\"https:\/\/staging.feptubeshop.com\/type\/high-purity-pfa\/?_sizing=mm\">High Purity PFA-Schlauch metrisch<\/a><\/span><\/li>\n<li><span style=\"text-decoration: underline;\"><a href=\"https:\/\/staging.feptubeshop.com\/type\/high-purity-pfa\/?_sizing=inch\">High Purity PFA-Schlauch in Zoll<\/a><\/span><\/li>\n<\/ul>\n<h3> <\/h3>\n<h3>Warum PFA Tube Shop?<\/h3>\n<p>PFA Tube Shop ist Ihr zuverl\u00e4ssiger Partner f\u00fcr hochwertige PFA-Schl\u00e4uche:<\/p>\n<ul>\n<li><em>Ausgezeichnete Qualit\u00e4t PFA-Schl\u00e4uche &amp; High Purity PFA-Schl\u00e4uche<\/em><\/li>\n<li><em>Versand innerhalb eines Werktages<\/em><\/li>\n<li><em>Lieferung ab 1 Meter<\/em><\/li>\n<li><em>Einfach online bestellen oder auf Rechnung, falls gew\u00fcnscht<\/em><\/li>\n<li><em>G\u00fcnstige Preise und gro\u00dfes Sortiment<\/em><\/li>\n<\/ul>\n<p>Wir sind stolz darauf, Ihr Vertrauen durch die Lieferung von Produkten h\u00f6chster Qualit\u00e4t, un\u00fcbertroffenen Kundenservice und effiziente, schnelle Lieferungen zu verdienen. Nat\u00fcrlich stehen unsere Produktspezialisten Paul &amp; Jeroen immer bereit, um Ihnen bei Fragen oder technischem Support zu helfen.<\/p>\n<p>Mit jahrelanger Erfahrung und tiefgehender Expertise in der Arbeit mit Fluorpolymeren, einschlie\u00dflich PFA, verstehen wir die einzigartigen Anforderungen und Herausforderungen von Branchen, die von der chemischen Verarbeitung und Pharmazie bis hin zur Luftfahrt und Halbleiterfertigung reichen. Unser Engagement f\u00fcr Qualit\u00e4t spiegelt sich nicht nur in unserem umfangreichen Sortiment an PFA-Rohren und -Schl\u00e4uchen mit verschiedenen Durchmessern und Wandst\u00e4rken wider, sondern auch in unserer F\u00e4higkeit, ma\u00dfgeschneiderte L\u00f6sungen anzubieten, die genau den Spezifikationen und Anforderungen unserer Kunden entsprechen.<\/p>\n<p>Bei PFA Tube Shop verfolgen wir einen Ansatz, der \u00fcber die reine Lieferung von Produkten hinausgeht. Unsere engagierten Produktspezialisten Paul &amp; Jeroen stehen bereit, um Ihnen technische Unterst\u00fctzung, Beratung und Begleitung w\u00e4hrend Ihres Projekts zu bieten.<\/p>\n<h2>Gro\u00dfer Vorrat an PFA-Rohren und -Schl\u00e4uchen<\/h2>\n<p>Bei PFA Tube Shop streben wir st\u00e4ndig danach, die richtigen Rohre auf Lager zu haben. Sollte das richtige Rohr dennoch nicht verf\u00fcgbar sein, <span style=\"text-decoration: underline;\"><a href=\"https:\/\/staging.feptubeshop.com\/contact\/\">kontaktieren<\/a><\/span> Sie uns bitte, damit wir ein passendes Angebot machen k\u00f6nnen.<\/p>\n\t\t\t\t\t\t\t\t<\/div>\n\t\t\t\t<\/div>\n\t\t\t\t<\/div>\n\t\t<div class=\"elementor-element elementor-element-9c27782 e-flex e-con-boxed e-con e-parent\" data-id=\"9c27782\" data-element_type=\"container\" data-e-type=\"container\">\n\t\t\t\t\t<div class=\"e-con-inner\">\n\t\t\t\t\t<\/div>\n\t\t\t\t<\/div>\n\t\t\t\t<\/div>\n\t\t","protected":false},"excerpt":{"rendered":"<p>Spezialist f\u00c3\u00bcr PFA-Rohre und -Schl\u00c3\u00a4uche PFA Tube Shop ist eine solide Erweiterung von PTFE Tube Shop und bildet einen spezialisierten Zweig innerhalb unseres Unternehmens, der sich vollst\u00c3\u00a4ndig auf die Lieferung von hochwertigen PFA-Rohren und -Schl\u00c3\u00a4uchen konzentriert. Als ein engagierter Teil unseres Unternehmens haben wir es uns zum Ziel gesetzt, die Bed\u00c3\u00bcrfnisse unserer Kunden im Bereich [&hellip;]<\/p>\n","protected":false},"author":2,"featured_media":0,"parent":0,"menu_order":0,"comment_status":"closed","ping_status":"closed","template":"","meta":{"footnotes":""},"class_list":["post-45510","page","type-page","status-publish","hentry"],"_links":{"self":[{"href":"https:\/\/staging.feptubeshop.com\/de\/wp-json\/wp\/v2\/pages\/45510","targetHints":{"allow":["GET"]}}],"collection":[{"href":"https:\/\/staging.feptubeshop.com\/de\/wp-json\/wp\/v2\/pages"}],"about":[{"href":"https:\/\/staging.feptubeshop.com\/de\/wp-json\/wp\/v2\/types\/page"}],"author":[{"embeddable":true,"href":"https:\/\/staging.feptubeshop.com\/de\/wp-json\/wp\/v2\/users\/2"}],"replies":[{"embeddable":true,"href":"https:\/\/staging.feptubeshop.com\/de\/wp-json\/wp\/v2\/comments?post=45510"}],"version-history":[{"count":0,"href":"https:\/\/staging.feptubeshop.com\/de\/wp-json\/wp\/v2\/pages\/45510\/revisions"}],"wp:attachment":[{"href":"https:\/\/staging.feptubeshop.com\/de\/wp-json\/wp\/v2\/media?parent=45510"}],"curies":[{"name":"wp","href":"https:\/\/api.w.org\/{rel}","templated":true}]}}