{"id":47584,"date":"2024-06-07T12:23:12","date_gmt":"2024-06-07T10:23:12","guid":{"rendered":"https:\/\/staging.feptubeshop.com\/comanda-si-livrare-f-a-q\/"},"modified":"2024-06-07T12:23:15","modified_gmt":"2024-06-07T10:23:15","slug":"comanda-si-livrare-f-a-q","status":"publish","type":"page","link":"https:\/\/staging.feptubeshop.com\/ro\/comanda-si-livrare-f-a-q\/","title":{"rendered":"Comand\u00c4\u0192 \u00c8\u2122i livrare &#8211; F.A.Q."},"content":{"rendered":"\n<p><strong>C\u00c3\u00a2nd voi primi comanda mea?<\/strong><\/p>\n\n<p>Ne propunem s\u00c4\u0192 v\u00c4\u0192 oferim comanda la PostNL sau GLS \u00c3\u00aen termen de 24 de ore de la primirea pl\u00c4\u0192\u00c8\u203aii, dac\u00c4\u0192 este \u00c3\u00aen stoc. \u00c3\u017dn func\u00c8\u203aie de \u00c8\u203aara de livrare, se adaug\u00c4\u0192 un num\u00c4\u0192r de zile de livrare. Dup\u00c4\u0192 ce am expediat coletul, ve\u00c8\u203ai primi un cod de urm\u00c4\u0192rire care v\u00c4\u0192 permite s\u00c4\u0192 urm\u00c4\u0192ri\u00c8\u203ai coletul.<\/p>\n\n<p><strong>Care sunt costurile pentru comenzi mici?<\/strong><\/p>\n\n<p>Comenzile mai mici de 20 de euro sunt supuse unei taxe de 10 euro pentru comenzi mici. Sfat: Adesea este avantajos s\u00c4\u0192 comanda\u00c8\u203ai pu\u00c8\u203ain mai mult, astfel \u00c3\u00aenc\u00c3\u00a2t s\u00c4\u0192 se renun\u00c8\u203ae la acestea.<\/p>\n\n<p><strong>\u00c3\u017dn c\u00c3\u00a2t timp voi primi comanda mea?<\/strong><\/p>\n\n<p>Coletele \u00c3\u00aen Europa sunt trimise \u00c3\u00aen general prin GLS. Toate plicurile \u00c8\u2122i coletele \u00c3\u00aen afara Europei cu Postnl.<\/p>\n\n<p>Vizualiza\u00c8\u203ai aici timpii de livrare actuali \u00c3\u00aen func\u00c8\u203aie de transportator:<\/p>\n\n<ul class=\"wp-block-list\">\n<li><a href=\"https:\/\/gls-group.eu\/NL\/nl\/verzendinformatie\/verzenden-binnen-de-eu\" target=\"_blank\" rel=\"noreferrer noopener\">GLS<\/a><\/li>\n\n\n\n<li><a href=\"https:\/\/www.postnl.nl\/versturen\/pakket-versturen\/pakket-buitenland\/bezorgtijd-naar-buitenland\/\" target=\"_blank\" rel=\"noreferrer noopener\">PostNL<\/a><\/li>\n<\/ul>\n\n<p><strong>Am nevoie s\u00c4\u0192 primesc coletul meu mai repede, este posibil?<\/strong><\/p>\n\n<p>Dac\u00c4\u0192 dori\u00c8\u203ai s\u00c4\u0192 primi\u00c8\u203ai un colet mai repede, \u00c3\u00ael putem rezerva prin intermediul altor parteneri logistici mai rapizi sau pe baza num\u00c4\u0192rului de cont al transportatorului dumneavoastr\u00c4\u0192. Orice costuri suplimentare vor fi suportate de c\u00c4\u0192tre cump\u00c4\u0192r\u00c4\u0192tor.<\/p>\n\n<p><strong>C\u00c3\u00a2t de scump\u00c4\u0192 este livrarea?<\/strong><\/p>\n\n<p>\u00c3\u017dn cadrul Uniunii Europene, aplic\u00c4\u0192m rate fixe sc\u00c4\u0192zute. Nu conteaz\u00c4\u0192 dac\u00c4\u0192 plasa\u00c8\u203ai o comand\u00c4\u0192 mic\u00c4\u0192 sau una foarte mare.<\/p>\n\n<figure class=\"wp-block-table\"><table><tbody><tr><td>Olanda<\/td><td>  \u00e2\u201a\u00ac 6,25<\/td><td><\/td><td>Irlanda<\/td><td>  \u00e2\u201a\u00ac 16,95<\/td><td><\/td><td>Ungaria<\/td><td>  \u00e2\u201a\u00ac 22,50<\/td><\/tr><tr><td>Belgia<\/td><td>  \u00e2\u201a\u00ac 7,50<\/td><td><\/td><td>Italia<\/td><td>  \u00e2\u201a\u00ac 16,95<\/td><td><\/td><td>Croa\u00c8\u203aia<\/td><td>  \u00e2\u201a\u00ac 22,50<\/td><\/tr><tr><td>Germania<\/td><td>  \u00e2\u201a\u00ac 8,70<\/td><td><\/td><td>Polonia<\/td><td>  \u00e2\u201a\u00ac 16,95<\/td><td><\/td><td>Letonia<\/td><td>  \u00e2\u201a\u00ac 22,50<\/td><\/tr><tr><td>Danemarca<\/td><td>  \u00e2\u201a\u00ac 12,50<\/td><td><\/td><td>Portugalia<\/td><td>  \u00e2\u201a\u00ac 16,95<\/td><td><\/td><td>Lituania<\/td><td>  \u00e2\u201a\u00ac 22,50<\/td><\/tr><tr><td>Fran\u00c8\u203aa<\/td><td>  \u00e2\u201a\u00ac 12,50<\/td><td><\/td><td>Spania<\/td><td>  \u00e2\u201a\u00ac 16,95<\/td><td><\/td><td>Rom\u00c3\u00a2nia<\/td><td>  \u00e2\u201a\u00ac 22,50<\/td><\/tr><tr><td>Luxemburg<\/td><td>  \u00e2\u201a\u00ac 12,50<\/td><td><\/td><td>Suedia<\/td><td>  \u00e2\u201a\u00ac 22,50<\/td><td><\/td><td>Slovenia<\/td><td>  \u00e2\u201a\u00ac 22,50<\/td><\/tr><tr><td>Austria<\/td><td>  \u00e2\u201a\u00ac 12,50<\/td><td><\/td><td>Bulgaria<\/td><td>  \u00e2\u201a\u00ac 22,50<\/td><td><\/td><td>Slovacia<\/td><td>  \u00e2\u201a\u00ac 22,50<\/td><\/tr><tr><td>Regatul Unit<\/td><td>  \u00e2\u201a\u00ac 12,50<\/td><td><\/td><td>Estonia<\/td><td>  \u00e2\u201a\u00ac 22,50<\/td><td><\/td><td>Republica Ceh\u00c4\u0192<\/td><td>  \u00e2\u201a\u00ac 22,50<\/td><\/tr><tr><td>Finlanda<\/td><td>  \u00e2\u201a\u00ac 16,95<\/td><td><\/td><td><\/td><td><\/td><td><\/td><td><\/td><td><\/td><\/tr><\/tbody><\/table><\/figure>\n\n<p>\u00c3\u017dn afara Uniunii Europene, taxele de livrare sunt calculate \u00c3\u00aen func\u00c8\u203aie de greutate:<\/p>\n\n<figure class=\"wp-block-table\"><table><tbody><tr><td>0 p\u00c3\u00a2n\u00c4\u0192 la 999 gr<\/td><td>  \u00e2\u201a\u00ac 50,00<\/td><td><\/td><td>8 kg. p\u00c3\u00a2n\u00c4\u0192 la 8999 gr<\/td><td>  \u00e2\u201a\u00ac 103,00<\/td><\/tr><tr><td>1 kg. p\u00c3\u00a2n\u00c4\u0192 la 1999 gr<\/td><td>  \u00e2\u201a\u00ac 55,00<\/td><td><\/td><td>9 kg. p\u00c3\u00a2n\u00c4\u0192 la 9999 gr<\/td><td>  \u00e2\u201a\u00ac 107,00<\/td><\/tr><tr><td>2 kg. p\u00c3\u00a2n\u00c4\u0192 la 2999 gr<\/td><td>  \u00e2\u201a\u00ac 60,00<\/td><td><\/td><td>10 kg. p\u00c3\u00a2n\u00c4\u0192 la 10999 gr<\/td><td>  \u00e2\u201a\u00ac 117,00<\/td><\/tr><tr><td>3 kg. p\u00c3\u00a2n\u00c4\u0192 la 3999 gr<\/td><td>  \u00e2\u201a\u00ac 65,00<\/td><td><\/td><td>11 kg. p\u00c3\u00a2n\u00c4\u0192 la 11999 gr<\/td><td>  \u00e2\u201a\u00ac 122,00<\/td><\/tr><tr><td>4 kg. p\u00c3\u00a2n\u00c4\u0192 la 4999 gr<\/td><td>  \u00e2\u201a\u00ac 73,80<\/td><td><\/td><td>12 kg. p\u00c3\u00a2n\u00c4\u0192 la 12999 gr<\/td><td>  \u00e2\u201a\u00ac 135,00<\/td><\/tr><tr><td>5 kg. p\u00c3\u00a2n\u00c4\u0192 la 5999 gr<\/td><td>  \u00e2\u201a\u00ac 78,00<\/td><td><\/td><td>13 kg. p\u00c3\u00a2n\u00c4\u0192 la 13999 gr<\/td><td>  \u00e2\u201a\u00ac 137,00<\/td><\/tr><tr><td>6 kg. p\u00c3\u00a2n\u00c4\u0192 la 6999 gr<\/td><td>  \u00e2\u201a\u00ac 84,00<\/td><td><\/td><td>14 kg. p\u00c3\u00a2n\u00c4\u0192 la 14999 gr<\/td><td>  \u00e2\u201a\u00ac 142,00<\/td><\/tr><tr><td>7 kg. p\u00c3\u00a2n\u00c4\u0192 la 7999 gr<\/td><td>  \u00e2\u201a\u00ac 93,00<\/td><td><\/td><td>15 kg. p\u00c3\u00a2n\u00c4\u0192 la 15999 gr<\/td><td>  \u00e2\u201a\u00ac 148,00<\/td><\/tr><\/tbody><\/table><\/figure>\n\n<p><strong>A\u00c8\u2122 dori s\u00c4\u0192 comand, dar trebuie s\u00c4\u0192 fie \u00c3\u00aen cont?<\/strong><\/p>\n\n<p>\u00c3\u017dn general, acest lucru nu reprezint\u00c4\u0192 o problem\u00c4\u0192. Pe baza unei verific\u00c4\u0192ri a creditului, vedem dac\u00c4\u0192 putem livra \u00c3\u00aen cont. \u00c3\u017dn cazul \u00c3\u00aen care este aprobat\u00c4\u0192, ve\u00c8\u203ai primi o factur\u00c4\u0192 care va fi pl\u00c4\u0192tit\u00c4\u0192 \u00c3\u00aen termen de 30 de zile. Trimite\u00c8\u203ai-ne un e-mail cu datele companiei dvs. \u00c8\u2122i comanda de achizi\u00c8\u203aie \u00c8\u2122i v\u00c4\u0192 vom deschide un cont!<\/p>\n\n<p><strong>\u00c3\u017dntotdeauna primesc furtunul livrat \u00c3\u00aentr-o singur\u00c4\u0192 bucat\u00c4\u0192?<\/strong><\/p>\n\n<p>Ne str\u00c4\u0192duim s\u00c4\u0192 v\u00c4\u0192 livr\u00c4\u0192m comanda \u00c3\u00aen c\u00c3\u00a2t mai pu\u00c8\u203aine buc\u00c4\u0192\u00c8\u203ai, \u00c3\u00aens\u00c4\u0192 nu este \u00c3\u00aentotdeauna posibil s\u00c4\u0192 o livr\u00c4\u0192m \u00c3\u00aentr-o singur\u00c4\u0192 bucat\u00c4\u0192. Astfel, se poate \u00c3\u00aent\u00c3\u00a2mpla ca o comand\u00c4\u0192 de, s\u00c4\u0192 zicem, 70 de metri s\u00c4\u0192 fie livrat\u00c4\u0192 \u00c3\u00aentr-o bucat\u00c4\u0192 de 50 de metri \u00c8\u2122i una de 20 de metri sau 40 + 30 de metri, \u00c3\u00aen func\u00c8\u203aie de nivelul stocurilor. \u00c3\u017dn general, rolele noastre complete au o lungime de 50 sau 100 de metri, \u00c3\u00aen func\u00c8\u203aie de diametrul solicitat.<\/p>\n","protected":false},"excerpt":{"rendered":"<p>C\u00c3\u00a2nd voi primi comanda mea? Ne propunem s\u00c4\u0192 v\u00c4\u0192 oferim comanda la PostNL sau GLS \u00c3\u00aen termen de 24 de ore de la primirea pl\u00c4\u0192\u00c8\u203aii, dac\u00c4\u0192 este \u00c3\u00aen stoc. \u00c3\u017dn func\u00c8\u203aie de \u00c8\u203aara de livrare, se adaug\u00c4\u0192 un num\u00c4\u0192r de zile de livrare. Dup\u00c4\u0192 ce am expediat coletul, ve\u00c8\u203ai primi un cod de urm\u00c4\u0192rire care [&hellip;]<\/p>\n","protected":false},"author":2,"featured_media":0,"parent":0,"menu_order":0,"comment_status":"closed","ping_status":"closed","template":"","meta":{"footnotes":""},"class_list":["post-47584","page","type-page","status-publish","hentry"],"_links":{"self":[{"href":"https:\/\/staging.feptubeshop.com\/ro\/wp-json\/wp\/v2\/pages\/47584","targetHints":{"allow":["GET"]}}],"collection":[{"href":"https:\/\/staging.feptubeshop.com\/ro\/wp-json\/wp\/v2\/pages"}],"about":[{"href":"https:\/\/staging.feptubeshop.com\/ro\/wp-json\/wp\/v2\/types\/page"}],"author":[{"embeddable":true,"href":"https:\/\/staging.feptubeshop.com\/ro\/wp-json\/wp\/v2\/users\/2"}],"replies":[{"embeddable":true,"href":"https:\/\/staging.feptubeshop.com\/ro\/wp-json\/wp\/v2\/comments?post=47584"}],"version-history":[{"count":0,"href":"https:\/\/staging.feptubeshop.com\/ro\/wp-json\/wp\/v2\/pages\/47584\/revisions"}],"wp:attachment":[{"href":"https:\/\/staging.feptubeshop.com\/ro\/wp-json\/wp\/v2\/media?parent=47584"}],"curies":[{"name":"wp","href":"https:\/\/api.w.org\/{rel}","templated":true}]}}